{"id":179,"date":"2020-04-19T22:25:28","date_gmt":"2020-04-19T20:25:28","guid":{"rendered":"https:\/\/www.calvadosgarnier.com\/?page_id=179"},"modified":"2024-11-27T11:41:07","modified_gmt":"2024-11-27T10:41:07","slug":"12-ans","status":"publish","type":"page","link":"https:\/\/www.calvadosgarnier.com\/en\/12-ans\/","title":{"rendered":"12 YO"},"content":{"rendered":"","protected":false},"excerpt":{"rendered":"","protected":false},"author":1,"featured_media":1035,"parent":0,"menu_order":0,"comment_status":"closed","ping_status":"closed","template":"","meta":[],"acf":[],"yoast_head":"<!-- This site is optimized with the Yoast SEO plugin v19.13 - https:\/\/yoast.com\/wordpress\/plugins\/seo\/ -->\n<title>12 YO - Garnier<\/title>\n<meta name=\"robots\" content=\"index, follow, max-snippet:-1, max-image-preview:large, max-video-preview:-1\" \/>\n<link rel=\"canonical\" href=\"https:\/\/www.calvadosgarnier.com\/en\/12-ans\/\" \/>\n<meta property=\"og:locale\" content=\"en_US\" \/>\n<meta property=\"og:type\" content=\"article\" \/>\n<meta property=\"og:title\" content=\"12 YO - Garnier\" \/>\n<meta property=\"og:url\" content=\"https:\/\/www.calvadosgarnier.com\/en\/12-ans\/\" \/>\n<meta property=\"og:site_name\" content=\"Garnier\" \/>\n<meta property=\"article:modified_time\" content=\"2024-11-27T10:41:07+00:00\" \/>\n<meta property=\"og:image\" content=\"https:\/\/www.calvadosgarnier.com\/wp-content\/uploads\/2024\/11\/Garnier_12ans_gris-1024x772.jpg\" \/>\n\t<meta property=\"og:image:width\" content=\"1024\" \/>\n\t<meta property=\"og:image:height\" content=\"772\" \/>\n\t<meta property=\"og:image:type\" content=\"image\/jpeg\" \/>\n<meta name=\"twitter:card\" content=\"summary_large_image\" \/>\n<script type=\"application\/ld+json\" class=\"yoast-schema-graph\">{\"@context\":\"https:\/\/schema.org\",\"@graph\":[{\"@type\":\"WebPage\",\"@id\":\"https:\/\/www.calvadosgarnier.com\/en\/12-ans\/\",\"url\":\"https:\/\/www.calvadosgarnier.com\/en\/12-ans\/\",\"name\":\"12 YO - Garnier\",\"isPartOf\":{\"@id\":\"https:\/\/www.calvadosgarnier.com\/en\/#website\"},\"datePublished\":\"2020-04-19T20:25:28+00:00\",\"dateModified\":\"2024-11-27T10:41:07+00:00\",\"inLanguage\":\"en-US\",\"potentialAction\":[{\"@type\":\"ReadAction\",\"target\":[[\"https:\/\/www.calvadosgarnier.com\/en\/12-ans\/\"]]}]},{\"@type\":\"WebSite\",\"@id\":\"https:\/\/www.calvadosgarnier.com\/en\/#website\",\"url\":\"https:\/\/www.calvadosgarnier.com\/en\/\",\"name\":\"Garnier\",\"description\":\"(Fran\u00e7ais) Fond\u00e9e en 1877 \u00e0 Fr\u00eanes par Pierre Garnier,\u00a0la distillerie de Calvados Garnier est une histoire de famille.\",\"potentialAction\":[{\"@type\":\"SearchAction\",\"target\":{\"@type\":\"EntryPoint\",\"urlTemplate\":\"https:\/\/www.calvadosgarnier.com\/en\/?s={search_term_string}\"},\"query-input\":\"required name=search_term_string\"}],\"inLanguage\":\"en-US\"}]}<\/script>\n<!-- \/ Yoast SEO plugin. -->","yoast_head_json":{"title":"12 YO - Garnier","robots":{"index":"index","follow":"follow","max-snippet":"max-snippet:-1","max-image-preview":"max-image-preview:large","max-video-preview":"max-video-preview:-1"},"canonical":"https:\/\/www.calvadosgarnier.com\/en\/12-ans\/","og_locale":"en_US","og_type":"article","og_title":"12 YO - Garnier","og_url":"https:\/\/www.calvadosgarnier.com\/en\/12-ans\/","og_site_name":"Garnier","article_modified_time":"2024-11-27T10:41:07+00:00","og_image":[{"width":1024,"height":772,"url":"https:\/\/www.calvadosgarnier.com\/wp-content\/uploads\/2024\/11\/Garnier_12ans_gris-1024x772.jpg","type":"image\/jpeg"}],"twitter_card":"summary_large_image","schema":{"@context":"https:\/\/schema.org","@graph":[{"@type":"WebPage","@id":"https:\/\/www.calvadosgarnier.com\/en\/12-ans\/","url":"https:\/\/www.calvadosgarnier.com\/en\/12-ans\/","name":"12 YO - Garnier","isPartOf":{"@id":"https:\/\/www.calvadosgarnier.com\/en\/#website"},"datePublished":"2020-04-19T20:25:28+00:00","dateModified":"2024-11-27T10:41:07+00:00","inLanguage":"en-US","potentialAction":[{"@type":"ReadAction","target":[["https:\/\/www.calvadosgarnier.com\/en\/12-ans\/"]]}]},{"@type":"WebSite","@id":"https:\/\/www.calvadosgarnier.com\/en\/#website","url":"https:\/\/www.calvadosgarnier.com\/en\/","name":"Garnier","description":"(Fran\u00e7ais) Fond\u00e9e en 1877 \u00e0 Fr\u00eanes par Pierre Garnier,\u00a0la distillerie de Calvados Garnier est une histoire de famille.","potentialAction":[{"@type":"SearchAction","target":{"@type":"EntryPoint","urlTemplate":"https:\/\/www.calvadosgarnier.com\/en\/?s={search_term_string}"},"query-input":"required name=search_term_string"}],"inLanguage":"en-US"}]}},"_links":{"self":[{"href":"https:\/\/www.calvadosgarnier.com\/en\/wp-json\/wp\/v2\/pages\/179"}],"collection":[{"href":"https:\/\/www.calvadosgarnier.com\/en\/wp-json\/wp\/v2\/pages"}],"about":[{"href":"https:\/\/www.calvadosgarnier.com\/en\/wp-json\/wp\/v2\/types\/page"}],"author":[{"embeddable":true,"href":"https:\/\/www.calvadosgarnier.com\/en\/wp-json\/wp\/v2\/users\/1"}],"replies":[{"embeddable":true,"href":"https:\/\/www.calvadosgarnier.com\/en\/wp-json\/wp\/v2\/comments?post=179"}],"version-history":[{"count":162,"href":"https:\/\/www.calvadosgarnier.com\/en\/wp-json\/wp\/v2\/pages\/179\/revisions"}],"predecessor-version":[{"id":1105,"href":"https:\/\/www.calvadosgarnier.com\/en\/wp-json\/wp\/v2\/pages\/179\/revisions\/1105"}],"wp:featuredmedia":[{"embeddable":true,"href":"https:\/\/www.calvadosgarnier.com\/en\/wp-json\/wp\/v2\/media\/1035"}],"wp:attachment":[{"href":"https:\/\/www.calvadosgarnier.com\/en\/wp-json\/wp\/v2\/media?parent=179"}],"curies":[{"name":"wp","href":"https:\/\/api.w.org\/{rel}","templated":true}]}}